{"id":2703,"date":"2021-12-17T15:15:33","date_gmt":"2021-12-17T14:15:33","guid":{"rendered":"https:\/\/cetii-controle.fr\/8741\/?page_id=2703"},"modified":"2022-05-09T09:38:06","modified_gmt":"2022-05-09T07:38:06","slug":"qualification","status":"publish","type":"page","link":"https:\/\/cetii-controle.fr\/8741\/qualification\/","title":{"rendered":"Qualification"},"content":{"rendered":"<p><div class=\"fusion-fullwidth fullwidth-box fusion-builder-row-1 fusion-flex-container nonhundred-percent-fullwidth non-hundred-percent-height-scrolling\" style=\"background-color: rgba(255,255,255,0);background-position: center center;background-repeat: no-repeat;border-width: 0px 0px 0px 0px;border-color:#e8ebef;border-style:solid;\" ><div class=\"fusion-builder-row fusion-row fusion-flex-align-items-flex-start\" style=\"max-width:1310.4px;margin-left: calc(-4% \/ 2 );margin-right: calc(-4% \/ 2 );\"><div class=\"fusion-layout-column fusion_builder_column fusion-builder-column-0 fusion_builder_column_1_1 1_1 fusion-flex-column\"><div class=\"fusion-column-wrapper fusion-flex-justify-content-flex-start fusion-content-layout-column\" style=\"background-position:left top;background-repeat:no-repeat;-webkit-background-size:cover;-moz-background-size:cover;-o-background-size:cover;background-size:cover;padding: 0px 0px 0px 0px;\"><div style=\"text-align:center;\"><span class=\" fusion-imageframe imageframe-none imageframe-1 hover-type-none\" style=\"border-radius:12px;\"><img width=\"105\" height=\"110\" title=\"logo\" src=\"data:image\/svg+xml,%3Csvg%20xmlns%3D%27http%3A%2F%2Fwww.w3.org%2F2000%2Fsvg%27%20width%3D%27105%27%20height%3D%27110%27%20viewBox%3D%270%200%20105%20110%27%3E%3Crect%20width%3D%27105%27%20height%3D%27110%27%20fill-opacity%3D%220%22%2F%3E%3C%2Fsvg%3E\" data-orig-src=\"https:\/\/cetii-controle.fr\/8741\/wp-content\/uploads\/2021\/12\/logo.png\" alt class=\"lazyload img-responsive wp-image-2711\"\/><\/span><\/div><\/div><style type=\"text\/css\">.fusion-body .fusion-builder-column-0{width:100% !important;margin-top : 20px;margin-bottom : 20px;}.fusion-builder-column-0 > .fusion-column-wrapper {padding-top : 0px !important;padding-right : 0px !important;margin-right : 1.92%;padding-bottom : 0px !important;padding-left : 0px !important;margin-left : 1.92%;}@media only screen and (max-width:1200px) {.fusion-body .fusion-builder-column-0{width:100% !important;order : 0;}.fusion-builder-column-0 > .fusion-column-wrapper {margin-right : 1.92%;margin-left : 1.92%;}}@media only screen and (max-width:640px) {.fusion-body .fusion-builder-column-0{width:100% !important;order : 0;}.fusion-builder-column-0 > .fusion-column-wrapper {margin-right : 1.92%;margin-left : 1.92%;}}<\/style><\/div><div class=\"fusion-layout-column fusion_builder_column fusion-builder-column-1 fusion_builder_column_1_2 1_2 fusion-flex-column\"><div class=\"fusion-column-wrapper fusion-flex-justify-content-flex-start fusion-content-layout-column\" style=\"background-position:left top;background-repeat:no-repeat;-webkit-background-size:cover;-moz-background-size:cover;-o-background-size:cover;background-size:cover;padding: 0px 0px 0px 0px;\"><style type='text\/css'>.reading-box-container-1 .element-bottomshadow:before,.reading-box-container-1 .element-bottomshadow:after{opacity:0.7;}<\/style><div class=\"fusion-reading-box-container reading-box-container-1\" style=\"margin-top:0px;margin-bottom:20px;\"><div class=\"reading-box\" style=\"background-color:#f9f9fb;border-width:1px;border-color:rgba(226,226,226,0);border-left-width:3px;border-left-color:var(--primary_color);border-style:solid;\"><div class=\"reading-box-additional\">\n<p style=\"text-align: center;\">Cliquez ci-dessous afin de t\u00e9l\u00e9charger le r\u00e9f\u00e9rentiel de la qualification Qualibat 8741<\/p>\n<\/div><div class=\"fusion-clearfix\"><\/div><\/div><\/div><div style=\"text-align:center;\"><style>.fusion-body .fusion-button.button-1{border-radius:32px 32px 32px 32px;}<\/style><a class=\"fusion-button button-flat fusion-button-default-size button-default button-1 fusion-button-default-span fusion-button-default-type\" target=\"_self\" href=\"https:\/\/www.qualibat.com\/wp-content\/uploads\/2021\/11\/Referentiel-pour-lattribution-et-le-suivi-de-la-qualification-8741.pdf\"><span class=\"fusion-button-text\">R\u00e9ferentiel 8741<\/span><\/a><\/div><\/div><style type=\"text\/css\">.fusion-body .fusion-builder-column-1{width:50% !important;margin-top : 20px;margin-bottom : 20px;}.fusion-builder-column-1 > .fusion-column-wrapper {padding-top : 0px !important;padding-right : 0px !important;margin-right : 3.84%;padding-bottom : 0px !important;padding-left : 0px !important;margin-left : 3.84%;}@media only screen and (max-width:1200px) {.fusion-body .fusion-builder-column-1{width:50% !important;order : 0;}.fusion-builder-column-1 > .fusion-column-wrapper {margin-right : 3.84%;margin-left : 3.84%;}}@media only screen and (max-width:640px) {.fusion-body .fusion-builder-column-1{width:100% !important;order : 0;}.fusion-builder-column-1 > .fusion-column-wrapper {margin-right : 1.92%;margin-left : 1.92%;}}<\/style><\/div><div class=\"fusion-layout-column fusion_builder_column fusion-builder-column-2 fusion_builder_column_1_2 1_2 fusion-flex-column\"><div class=\"fusion-column-wrapper fusion-flex-justify-content-flex-start fusion-content-layout-column\" style=\"background-position:left top;background-repeat:no-repeat;-webkit-background-size:cover;-moz-background-size:cover;-o-background-size:cover;background-size:cover;padding: 0px 0px 0px 0px;\"><style type='text\/css'>.reading-box-container-2 .element-bottomshadow:before,.reading-box-container-2 .element-bottomshadow:after{opacity:0.7;}<\/style><div class=\"fusion-reading-box-container reading-box-container-2\" style=\"margin-top:0px;margin-bottom:20px;\"><div class=\"reading-box\" style=\"background-color:#f9f9fb;border-width:1px;border-color:rgba(226,226,226,0);border-left-width:3px;border-left-color:var(--primary_color);border-style:solid;\"><div class=\"reading-box-additional\">\n<p style=\"text-align: center;\">Cliquez ci-dessous afin de t\u00e9l\u00e9charger le r\u00e9f\u00e9rentiel de la qualification Qualibat 8741<\/p>\n<\/div><div class=\"fusion-clearfix\"><\/div><\/div><\/div><div style=\"text-align:center;\"><style>.fusion-body .fusion-button.button-2{border-radius:32px 32px 32px 32px;}<\/style><a class=\"fusion-button button-flat fusion-button-default-size button-default button-2 fusion-button-default-span fusion-button-default-type\" target=\"_self\" href=\"https:\/\/www.qualibat.com\/Media\/Documentation\/Dossier_%C3%A0_completer_par_les_entreprises_qualifi%C3%A9es_8711_8721.zip\"><span class=\"fusion-button-text\">Dossier de demande de qualification 8741<\/span><\/a><\/div><\/div><style type=\"text\/css\">.fusion-body .fusion-builder-column-2{width:50% !important;margin-top : 20px;margin-bottom : 20px;}.fusion-builder-column-2 > .fusion-column-wrapper {padding-top : 0px !important;padding-right : 0px !important;margin-right : 3.84%;padding-bottom : 0px !important;padding-left : 0px !important;margin-left : 3.84%;}@media only screen and (max-width:1200px) {.fusion-body .fusion-builder-column-2{width:50% !important;order : 0;}.fusion-builder-column-2 > .fusion-column-wrapper {margin-right : 3.84%;margin-left : 3.84%;}}@media only screen and (max-width:640px) {.fusion-body .fusion-builder-column-2{width:100% !important;order : 0;}.fusion-builder-column-2 > .fusion-column-wrapper {margin-right : 1.92%;margin-left : 1.92%;}}<\/style><\/div><\/div><style type=\"text\/css\">.fusion-body .fusion-flex-container.fusion-builder-row-1{ padding-top : 0px;margin-top : 0px;padding-right : 0px;padding-bottom : 0px;margin-bottom : 0px;padding-left : 0px;}<\/style><\/div><div class=\"fusion-fullwidth fullwidth-box fusion-builder-row-2 fusion-flex-container nonhundred-percent-fullwidth non-hundred-percent-height-scrolling\" style=\"background-color: rgba(255,255,255,0);background-position: center center;background-repeat: no-repeat;border-width: 0px 0px 0px 0px;border-color:#e8ebef;border-style:solid;\" ><div class=\"fusion-builder-row fusion-row fusion-flex-align-items-flex-start\" style=\"max-width:1310.4px;margin-left: calc(-4% \/ 2 );margin-right: calc(-4% \/ 2 );\"><\/div><style type=\"text\/css\">.fusion-body .fusion-flex-container.fusion-builder-row-2{ padding-top : 0px;margin-top : 0px;padding-right : 0px;padding-bottom : 0px;margin-bottom : 0px;padding-left : 0px;}<\/style><\/div><\/p>\n","protected":false},"excerpt":{"rendered":"","protected":false},"author":4,"featured_media":0,"parent":0,"menu_order":0,"comment_status":"closed","ping_status":"closed","template":"","meta":{"_price":"","_stock":"","_tribe_ticket_header":"","_tribe_default_ticket_provider":"","_tribe_ticket_capacity":"0","_ticket_start_date":"","_ticket_end_date":"","_tribe_ticket_show_description":"","_tribe_ticket_show_not_going":false,"_tribe_ticket_use_global_stock":"","_tribe_ticket_global_stock_level":"","_global_stock_mode":"","_global_stock_cap":"","_tribe_rsvp_for_event":"","_tribe_ticket_going_count":"","_tribe_ticket_not_going_count":"","_tribe_tickets_list":[],"_tribe_ticket_has_attendee_info_fields":false},"yoast_head":"<!-- This site is optimized with the Yoast SEO plugin v18.0 - https:\/\/yoast.com\/wordpress\/plugins\/seo\/ -->\n<title>Qualification - 8741.fr<\/title>\n<meta name=\"robots\" content=\"index, follow, max-snippet:-1, max-image-preview:large, max-video-preview:-1\" \/>\n<link rel=\"canonical\" href=\"https:\/\/cetii-controle.fr\/8741\/qualification\/\" \/>\n<meta property=\"og:locale\" content=\"fr_FR\" \/>\n<meta property=\"og:type\" content=\"article\" \/>\n<meta property=\"og:title\" content=\"Qualification - 8741.fr\" \/>\n<meta property=\"og:url\" content=\"https:\/\/cetii-controle.fr\/8741\/qualification\/\" \/>\n<meta property=\"og:site_name\" content=\"8741.fr\" \/>\n<meta property=\"article:modified_time\" content=\"2022-05-09T07:38:06+00:00\" \/>\n<meta name=\"twitter:card\" content=\"summary_large_image\" \/>\n<meta name=\"twitter:label1\" content=\"Dur\u00e9e de lecture estim\u00e9e\" \/>\n\t<meta name=\"twitter:data1\" content=\"4 minutes\" \/>\n<script type=\"application\/ld+json\" class=\"yoast-schema-graph\">{\"@context\":\"https:\/\/schema.org\",\"@graph\":[{\"@type\":\"WebSite\",\"@id\":\"https:\/\/cetii-controle.fr\/8741\/#website\",\"url\":\"https:\/\/cetii-controle.fr\/8741\/\",\"name\":\"8741.fr\",\"description\":\"pr\u00e9senter la qualification 8741 et les futures cont\u00f4les de ventilation dans le cadre de la re2020\",\"potentialAction\":[{\"@type\":\"SearchAction\",\"target\":{\"@type\":\"EntryPoint\",\"urlTemplate\":\"https:\/\/cetii-controle.fr\/8741\/?s={search_term_string}\"},\"query-input\":\"required name=search_term_string\"}],\"inLanguage\":\"fr-FR\"},{\"@type\":\"WebPage\",\"@id\":\"https:\/\/cetii-controle.fr\/8741\/qualification\/#webpage\",\"url\":\"https:\/\/cetii-controle.fr\/8741\/qualification\/\",\"name\":\"Qualification - 8741.fr\",\"isPartOf\":{\"@id\":\"https:\/\/cetii-controle.fr\/8741\/#website\"},\"datePublished\":\"2021-12-17T14:15:33+00:00\",\"dateModified\":\"2022-05-09T07:38:06+00:00\",\"breadcrumb\":{\"@id\":\"https:\/\/cetii-controle.fr\/8741\/qualification\/#breadcrumb\"},\"inLanguage\":\"fr-FR\",\"potentialAction\":[{\"@type\":\"ReadAction\",\"target\":[\"https:\/\/cetii-controle.fr\/8741\/qualification\/\"]}]},{\"@type\":\"BreadcrumbList\",\"@id\":\"https:\/\/cetii-controle.fr\/8741\/qualification\/#breadcrumb\",\"itemListElement\":[{\"@type\":\"ListItem\",\"position\":1,\"name\":\"Home\",\"item\":\"https:\/\/cetii-controle.fr\/8741\/\"},{\"@type\":\"ListItem\",\"position\":2,\"name\":\"Qualification\"}]}]}<\/script>\n<!-- \/ Yoast SEO plugin. -->","yoast_head_json":{"title":"Qualification - 8741.fr","robots":{"index":"index","follow":"follow","max-snippet":"max-snippet:-1","max-image-preview":"max-image-preview:large","max-video-preview":"max-video-preview:-1"},"canonical":"https:\/\/cetii-controle.fr\/8741\/qualification\/","og_locale":"fr_FR","og_type":"article","og_title":"Qualification - 8741.fr","og_url":"https:\/\/cetii-controle.fr\/8741\/qualification\/","og_site_name":"8741.fr","article_modified_time":"2022-05-09T07:38:06+00:00","twitter_card":"summary_large_image","twitter_misc":{"Dur\u00e9e de lecture estim\u00e9e":"4 minutes"},"schema":{"@context":"https:\/\/schema.org","@graph":[{"@type":"WebSite","@id":"https:\/\/cetii-controle.fr\/8741\/#website","url":"https:\/\/cetii-controle.fr\/8741\/","name":"8741.fr","description":"pr\u00e9senter la qualification 8741 et les futures cont\u00f4les de ventilation dans le cadre de la re2020","potentialAction":[{"@type":"SearchAction","target":{"@type":"EntryPoint","urlTemplate":"https:\/\/cetii-controle.fr\/8741\/?s={search_term_string}"},"query-input":"required name=search_term_string"}],"inLanguage":"fr-FR"},{"@type":"WebPage","@id":"https:\/\/cetii-controle.fr\/8741\/qualification\/#webpage","url":"https:\/\/cetii-controle.fr\/8741\/qualification\/","name":"Qualification - 8741.fr","isPartOf":{"@id":"https:\/\/cetii-controle.fr\/8741\/#website"},"datePublished":"2021-12-17T14:15:33+00:00","dateModified":"2022-05-09T07:38:06+00:00","breadcrumb":{"@id":"https:\/\/cetii-controle.fr\/8741\/qualification\/#breadcrumb"},"inLanguage":"fr-FR","potentialAction":[{"@type":"ReadAction","target":["https:\/\/cetii-controle.fr\/8741\/qualification\/"]}]},{"@type":"BreadcrumbList","@id":"https:\/\/cetii-controle.fr\/8741\/qualification\/#breadcrumb","itemListElement":[{"@type":"ListItem","position":1,"name":"Home","item":"https:\/\/cetii-controle.fr\/8741\/"},{"@type":"ListItem","position":2,"name":"Qualification"}]}]}},"ticketed":false,"_links":{"self":[{"href":"https:\/\/cetii-controle.fr\/8741\/wp-json\/wp\/v2\/pages\/2703"}],"collection":[{"href":"https:\/\/cetii-controle.fr\/8741\/wp-json\/wp\/v2\/pages"}],"about":[{"href":"https:\/\/cetii-controle.fr\/8741\/wp-json\/wp\/v2\/types\/page"}],"author":[{"embeddable":true,"href":"https:\/\/cetii-controle.fr\/8741\/wp-json\/wp\/v2\/users\/4"}],"replies":[{"embeddable":true,"href":"https:\/\/cetii-controle.fr\/8741\/wp-json\/wp\/v2\/comments?post=2703"}],"version-history":[{"count":8,"href":"https:\/\/cetii-controle.fr\/8741\/wp-json\/wp\/v2\/pages\/2703\/revisions"}],"predecessor-version":[{"id":2705,"href":"https:\/\/cetii-controle.fr\/8741\/wp-json\/wp\/v2\/pages\/2703\/revisions\/2705"}],"wp:attachment":[{"href":"https:\/\/cetii-controle.fr\/8741\/wp-json\/wp\/v2\/media?parent=2703"}],"curies":[{"name":"wp","href":"https:\/\/api.w.org\/{rel}","templated":true}]}}